{"id":3641,"date":"2023-04-20T11:46:00","date_gmt":"2023-04-20T14:46:00","guid":{"rendered":"https:\/\/www2.grupocristofoletti.com.br\/cristalle\/wishlist\/"},"modified":"2026-01-12T11:48:53","modified_gmt":"2026-01-12T14:48:53","slug":"wishlist","status":"publish","type":"page","link":"https:\/\/www2.grupocristofoletti.com.br\/cristalle\/en\/wishlist\/","title":{"rendered":"Wishlist"},"content":{"rendered":"\t\t<div data-elementor-type=\"wp-page\" data-elementor-id=\"3641\" class=\"elementor elementor-3641 elementor-21\" data-elementor-settings=\"{&quot;ha_cmc_init_switcher&quot;:&quot;no&quot;}\">\n\t\t\t\t\t\t<section class=\"wd-negative-gap elementor-section elementor-top-section elementor-element elementor-element-639025b elementor-section-boxed elementor-section-height-default elementor-section-height-default\" data-id=\"639025b\" data-element_type=\"section\" data-e-type=\"section\" data-settings=\"{&quot;_ha_eqh_enable&quot;:false}\">\n\t\t\t\t\t\t<div class=\"elementor-container elementor-column-gap-default\">\n\t\t\t\t\t<div class=\"elementor-column elementor-col-100 elementor-top-column elementor-element elementor-element-6f5fdde\" data-id=\"6f5fdde\" data-element_type=\"column\" data-e-type=\"column\">\n\t\t\t<div class=\"elementor-widget-wrap elementor-element-populated\">\n\t\t\t\t\t\t<div class=\"elementor-element elementor-element-6a46b99 elementor-widget elementor-widget-wd_wishlist\" data-id=\"6a46b99\" data-element_type=\"widget\" data-e-type=\"widget\" data-widget_type=\"wd_wishlist.default\">\n\t\t\t\t<div class=\"elementor-widget-container\">\n\t\t\t\t\t\t\t\n\t\t\n\n\t\t\t\t<div class=\"\" >\n\t\t\t\t\t\t<div class=\"wd-wishlist-content\">\n\t\t\t\t\t\t\t\t\t\t\t\n\t\t<p class=\"wd-empty-wishlist wd-empty-page\">\n\t\t\tThis wishlist is empty.\t\t<\/p>\n\n\t\t\t\t\t<div class=\"wd-empty-page-text\">\n\t\t\t\tVoc\u00ea ainda n\u00e3o tem nenhum produto na sua lista de desejos. Voc\u00ea encontrar\u00e1 muitos produtos interessantes na nossa p\u00e1gina \"Loja\".\t\t\t<\/div>\n\t\t\n\t\t\n\t\t\t\t\t<p class=\"return-to-shop\">\n\t\t\t\t<a class=\"button\" href=\"https:\/\/www2.grupocristofoletti.com.br\/cristalle\/en\/\">\n\t\t\t\t\tReturn to shop\t\t\t\t<\/a>\n\t\t\t<\/p>\n\t\t\t\t\t\t\t\t\t\t\t<\/div>\n\t\t\t\t<\/div>\n\t\t\t\t\t\t<\/div>\n\t\t\t\t<\/div>\n\t\t\t\t\t<\/div>\n\t\t<\/div>\n\t\t\t\t\t<\/div>\n\t\t<\/section>\n\t\t\t\t<\/div>\n\t\t","protected":false},"excerpt":{"rendered":"<p>My account Dashboard Orders Downloads Addresses Account details Logout This wishlist is empty. You don&#8217;t have any products in the<\/p>\n","protected":false},"author":1,"featured_media":0,"parent":0,"menu_order":0,"comment_status":"closed","ping_status":"closed","template":"","meta":{"footnotes":""},"class_list":["post-3641","page","type-page","status-publish","hentry"],"_links":{"self":[{"href":"https:\/\/www2.grupocristofoletti.com.br\/cristalle\/en\/wp-json\/wp\/v2\/pages\/3641","targetHints":{"allow":["GET"]}}],"collection":[{"href":"https:\/\/www2.grupocristofoletti.com.br\/cristalle\/en\/wp-json\/wp\/v2\/pages"}],"about":[{"href":"https:\/\/www2.grupocristofoletti.com.br\/cristalle\/en\/wp-json\/wp\/v2\/types\/page"}],"author":[{"embeddable":true,"href":"https:\/\/www2.grupocristofoletti.com.br\/cristalle\/en\/wp-json\/wp\/v2\/users\/1"}],"replies":[{"embeddable":true,"href":"https:\/\/www2.grupocristofoletti.com.br\/cristalle\/en\/wp-json\/wp\/v2\/comments?post=3641"}],"version-history":[{"count":1,"href":"https:\/\/www2.grupocristofoletti.com.br\/cristalle\/en\/wp-json\/wp\/v2\/pages\/3641\/revisions"}],"predecessor-version":[{"id":3642,"href":"https:\/\/www2.grupocristofoletti.com.br\/cristalle\/en\/wp-json\/wp\/v2\/pages\/3641\/revisions\/3642"}],"wp:attachment":[{"href":"https:\/\/www2.grupocristofoletti.com.br\/cristalle\/en\/wp-json\/wp\/v2\/media?parent=3641"}],"curies":[{"name":"wp","href":"https:\/\/api.w.org\/{rel}","templated":true}]}}